{"id":8760,"date":"2019-02-25T11:44:09","date_gmt":"2019-02-25T10:44:09","guid":{"rendered":"https:\/\/visitbo.no\/liengard-telemark\/om-oss-engelsk\/"},"modified":"2025-06-12T09:58:06","modified_gmt":"2025-06-12T07:58:06","slug":"about-us","status":"publish","type":"page","link":"https:\/\/liengard-telemark.no\/en\/about-us\/","title":{"rendered":"About Us"},"content":{"rendered":"<div id=\"cs-content\" class=\"cs-content\"><\/div>\n","protected":false},"excerpt":{"rendered":"<p>About Lien G\u00e5rd Welcome to Lien G\u00e5rd, idyllically located by Norsj\u00f8, in the heart of Telemark. Here, together with our four children, we have created new life on the small farm. On the farm, we produce fruit, berries and honey. The raw materials are processed with solid craftsmanship into products of the highest quality. All to give you real food &#8230; <\/p>\n<div><a href=\"https:\/\/liengard-telemark.no\/en\/about-us\/\" class=\"more-link\">Read More<\/a><\/div>\n","protected":false},"author":92,"featured_media":0,"parent":0,"menu_order":3,"comment_status":"closed","ping_status":"closed","template":"template-blank-4.php","meta":{"_relevanssi_hide_post":"","_relevanssi_hide_content":"","_relevanssi_pin_for_all":"","_relevanssi_pin_keywords":"","_relevanssi_unpin_keywords":"","_relevanssi_related_keywords":"","_relevanssi_related_include_ids":"","_relevanssi_related_exclude_ids":"","_relevanssi_related_no_append":"","_relevanssi_related_not_related":"","_relevanssi_related_posts":"","_relevanssi_noindex_reason":"","footnotes":""},"class_list":["post-8760","page","type-page","status-publish","hentry","no-post-thumbnail"],"yoast_head":"<!-- This site is optimized with the Yoast SEO plugin v27.2 - https:\/\/yoast.com\/product\/yoast-seo-wordpress\/ -->\n<title>About Us - Lien G\u00e5rd<\/title>\n<meta name=\"robots\" content=\"index, follow, max-snippet:-1, max-image-preview:large, max-video-preview:-1\" \/>\n<link rel=\"canonical\" href=\"https:\/\/liengard-telemark.no\/en\/about-us\/\" \/>\n<meta property=\"og:locale\" content=\"en_US\" \/>\n<meta property=\"og:type\" content=\"article\" \/>\n<meta property=\"og:title\" content=\"About Us - Lien G\u00e5rd\" \/>\n<meta property=\"og:description\" content=\"About Lien G\u00e5rd Welcome to Lien G\u00e5rd, idyllically located by Norsj\u00f8, in the heart of Telemark. Here, together with our four children, we have created new life on the small farm. On the farm, we produce fruit, berries and honey. The raw materials are processed with solid craftsmanship into products of the highest quality. All to give you real food ... Read More\" \/>\n<meta property=\"og:url\" content=\"https:\/\/liengard-telemark.no\/en\/about-us\/\" \/>\n<meta property=\"og:site_name\" content=\"Lien G\u00e5rd\" \/>\n<meta property=\"article:modified_time\" content=\"2025-06-12T07:58:06+00:00\" \/>\n<meta name=\"twitter:card\" content=\"summary_large_image\" \/>\n<meta name=\"twitter:label1\" content=\"Est. reading time\" \/>\n\t<meta name=\"twitter:data1\" content=\"1 minute\" \/>\n<script type=\"application\/ld+json\" class=\"yoast-schema-graph\">{\"@context\":\"https:\/\/schema.org\",\"@graph\":[{\"@type\":\"WebPage\",\"@id\":\"https:\/\/liengard-telemark.no\/en\/about-us\/\",\"url\":\"https:\/\/liengard-telemark.no\/en\/about-us\/\",\"name\":\"About Us - Lien G\u00e5rd\",\"isPartOf\":{\"@id\":\"https:\/\/liengard-telemark.no\/en\/#website\"},\"datePublished\":\"2019-02-25T10:44:09+00:00\",\"dateModified\":\"2025-06-12T07:58:06+00:00\",\"breadcrumb\":{\"@id\":\"https:\/\/liengard-telemark.no\/en\/about-us\/#breadcrumb\"},\"inLanguage\":\"en-US\",\"potentialAction\":[{\"@type\":\"ReadAction\",\"target\":[\"https:\/\/liengard-telemark.no\/en\/about-us\/\"]}]},{\"@type\":\"BreadcrumbList\",\"@id\":\"https:\/\/liengard-telemark.no\/en\/about-us\/#breadcrumb\",\"itemListElement\":[{\"@type\":\"ListItem\",\"position\":1,\"name\":\"Hjem\",\"item\":\"https:\/\/liengard-telemark.no\/en\/forside-2\/\"},{\"@type\":\"ListItem\",\"position\":2,\"name\":\"About Us\"}]},{\"@type\":\"WebSite\",\"@id\":\"https:\/\/liengard-telemark.no\/en\/#website\",\"url\":\"https:\/\/liengard-telemark.no\/en\/\",\"name\":\"Lien G\u00e5rd\",\"description\":\"- i hjertet av Telemark\",\"potentialAction\":[{\"@type\":\"SearchAction\",\"target\":{\"@type\":\"EntryPoint\",\"urlTemplate\":\"https:\/\/liengard-telemark.no\/en\/?s={search_term_string}\"},\"query-input\":{\"@type\":\"PropertyValueSpecification\",\"valueRequired\":true,\"valueName\":\"search_term_string\"}}],\"inLanguage\":\"en-US\"}]}<\/script>\n<!-- \/ Yoast SEO plugin. -->","yoast_head_json":{"title":"About Us - Lien G\u00e5rd","robots":{"index":"index","follow":"follow","max-snippet":"max-snippet:-1","max-image-preview":"max-image-preview:large","max-video-preview":"max-video-preview:-1"},"canonical":"https:\/\/liengard-telemark.no\/en\/about-us\/","og_locale":"en_US","og_type":"article","og_title":"About Us - Lien G\u00e5rd","og_description":"About Lien G\u00e5rd Welcome to Lien G\u00e5rd, idyllically located by Norsj\u00f8, in the heart of Telemark. Here, together with our four children, we have created new life on the small farm. On the farm, we produce fruit, berries and honey. The raw materials are processed with solid craftsmanship into products of the highest quality. All to give you real food ... Read More","og_url":"https:\/\/liengard-telemark.no\/en\/about-us\/","og_site_name":"Lien G\u00e5rd","article_modified_time":"2025-06-12T07:58:06+00:00","twitter_card":"summary_large_image","twitter_misc":{"Est. reading time":"1 minute"},"schema":{"@context":"https:\/\/schema.org","@graph":[{"@type":"WebPage","@id":"https:\/\/liengard-telemark.no\/en\/about-us\/","url":"https:\/\/liengard-telemark.no\/en\/about-us\/","name":"About Us - Lien G\u00e5rd","isPartOf":{"@id":"https:\/\/liengard-telemark.no\/en\/#website"},"datePublished":"2019-02-25T10:44:09+00:00","dateModified":"2025-06-12T07:58:06+00:00","breadcrumb":{"@id":"https:\/\/liengard-telemark.no\/en\/about-us\/#breadcrumb"},"inLanguage":"en-US","potentialAction":[{"@type":"ReadAction","target":["https:\/\/liengard-telemark.no\/en\/about-us\/"]}]},{"@type":"BreadcrumbList","@id":"https:\/\/liengard-telemark.no\/en\/about-us\/#breadcrumb","itemListElement":[{"@type":"ListItem","position":1,"name":"Hjem","item":"https:\/\/liengard-telemark.no\/en\/forside-2\/"},{"@type":"ListItem","position":2,"name":"About Us"}]},{"@type":"WebSite","@id":"https:\/\/liengard-telemark.no\/en\/#website","url":"https:\/\/liengard-telemark.no\/en\/","name":"Lien G\u00e5rd","description":"- i hjertet av Telemark","potentialAction":[{"@type":"SearchAction","target":{"@type":"EntryPoint","urlTemplate":"https:\/\/liengard-telemark.no\/en\/?s={search_term_string}"},"query-input":{"@type":"PropertyValueSpecification","valueRequired":true,"valueName":"search_term_string"}}],"inLanguage":"en-US"}]}},"_links":{"self":[{"href":"https:\/\/liengard-telemark.no\/en\/wp-json\/wp\/v2\/pages\/8760","targetHints":{"allow":["GET"]}}],"collection":[{"href":"https:\/\/liengard-telemark.no\/en\/wp-json\/wp\/v2\/pages"}],"about":[{"href":"https:\/\/liengard-telemark.no\/en\/wp-json\/wp\/v2\/types\/page"}],"author":[{"embeddable":true,"href":"https:\/\/liengard-telemark.no\/en\/wp-json\/wp\/v2\/users\/92"}],"replies":[{"embeddable":true,"href":"https:\/\/liengard-telemark.no\/en\/wp-json\/wp\/v2\/comments?post=8760"}],"version-history":[{"count":4,"href":"https:\/\/liengard-telemark.no\/en\/wp-json\/wp\/v2\/pages\/8760\/revisions"}],"predecessor-version":[{"id":8791,"href":"https:\/\/liengard-telemark.no\/en\/wp-json\/wp\/v2\/pages\/8760\/revisions\/8791"}],"wp:attachment":[{"href":"https:\/\/liengard-telemark.no\/en\/wp-json\/wp\/v2\/media?parent=8760"}],"curies":[{"name":"wp","href":"https:\/\/api.w.org\/{rel}","templated":true}]}}